{"id":1170,"date":"2026-02-21T01:29:47","date_gmt":"2026-02-21T01:29:47","guid":{"rendered":"https:\/\/logbook.al\/?page_id=1170"},"modified":"2026-02-22T16:38:54","modified_gmt":"2026-02-22T16:38:54","slug":"kritike-e-letersise-se-gjuhes-sone-ne-shuarje","status":"publish","type":"page","link":"https:\/\/logbook.al\/?page_id=1170","title":{"rendered":"Kritik\u00eb e let\u00ebrsis\u00eb s\u00eb gjuh\u00ebs son\u00eb n\u00eb shuarje"},"content":{"rendered":"\n<h4 class=\"wp-block-heading has-text-align-center\"><strong>Idlir Azizaj<\/strong><\/h4>\n\n\n\n<h2 class=\"wp-block-heading has-text-align-center\">Kritik\u00eb e let\u00ebrsis\u00eb s\u00eb gjuh\u00ebs son\u00eb n\u00eb shuarje<\/h2>\n\n\n\n<h4 class=\"wp-block-heading has-text-align-center\"><em>(Skerco psikosomatike)<\/em><\/h4>\n\n\n\n<h4 class=\"wp-block-heading has-text-align-center\"><br><em>Personat:<\/em><br>&#8211; <strong>H\u00ebmo<\/strong><br><strong>&#8211; Moh\u00eb<\/strong><br><strong>&#8211; Shipio e Berkaca, dy qen t\u00eb Rilindjes post-komb\u00ebtare<\/strong><\/h4>\n\n\n\n<h4 class=\"wp-block-heading has-text-align-center\">Vendi:<em> parku Rinia, Tiran\u00eb, zona e parjes s\u00eb qenve<\/em><br>Koha:<em> e shkuara e ardhshme<\/em><\/h4>\n\n\n\n<p class=\"has-text-align-center\"><\/p>\n\n\n<div class=\"wp-block-image\">\n<figure class=\"aligncenter size-full is-resized\"><img loading=\"lazy\" decoding=\"async\" width=\"389\" height=\"564\" src=\"https:\/\/logbook.al\/wp-content\/uploads\/2026\/02\/Cervantes-Novelas-exemplares.jpg\" alt=\"\" class=\"wp-image-1162\" style=\"width:482px;height:auto\" srcset=\"https:\/\/logbook.al\/wp-content\/uploads\/2026\/02\/Cervantes-Novelas-exemplares.jpg 389w, https:\/\/logbook.al\/wp-content\/uploads\/2026\/02\/Cervantes-Novelas-exemplares-207x300.jpg 207w\" sizes=\"auto, (max-width: 389px) 100vw, 389px\" \/><figcaption class=\"wp-element-caption\"><em>Dialogu i qenve t\u00eb Ringjalljes nga Servantesi<\/em><\/figcaption><\/figure><\/div>\n\n\n<h4 class=\"wp-block-heading has-text-align-center\">H\u00eb mo, \u00e7a \u00ebsht\u00eb ai si libri?<\/h4>\n\n\n\n<h4 class=\"wp-block-heading has-text-align-center\"><em>Ajo<\/em> \u00ebsht\u00eb.<\/h4>\n\n\n\n<h4 class=\"wp-block-heading has-text-align-center\">Cila ajo?<\/h4>\n\n\n\n<h4 class=\"wp-block-heading has-text-align-center\">Ajo q\u00eb the, nj\u00eb buk.<\/h4>\n\n\n\n<h4 class=\"wp-block-heading has-text-align-center\">P\u00ebr lexim \u00ebsht\u00eb?<\/h4>\n\n\n\n<h4 class=\"wp-block-heading has-text-align-center\">Normalisht jo, nuk \u00ebsht\u00eb fiks p\u00ebr riding.<\/h4>\n\n\n\n<h4 class=\"wp-block-heading has-text-align-center\">Okej, po ti ku e di?<\/h4>\n\n\n\n<h4 class=\"wp-block-heading has-text-align-center\">Jam duke b\u00ebr\u00eb nj\u00eb PiaR p\u00ebr t\u00eb, si nju buk.<\/h4>\n\n\n\n<h4 class=\"wp-block-heading has-text-align-center\">Aha, dometh\u00ebn\u00eb \u00ebsht\u00eb i njohur?<\/h4>\n\n\n\n<h4 class=\"wp-block-heading has-text-align-center\">Zemra, un\u00eb s\u2019merrem me gj\u00eb po s\u2019qe in.<\/h4>\n\n\n\n<h4 class=\"wp-block-heading has-text-align-center\">Po \u00ebsht\u00eb lib\u00ebr m\u00eb \u00e7ik pesh\u00eb?<\/h4>\n\n\n\n<h4 class=\"wp-block-heading has-text-align-center\">Aj dont nou its pesha, mo!<\/h4>\n\n\n\n<h4 class=\"wp-block-heading has-text-align-center\">I cil\u00ebs rrym\u00eb \u00ebsht\u00eb? Modern, postmodern, se klasik s\u2019ke si t\u00eb jet\u00eb.<\/h4>\n\n\n\n<h4 class=\"wp-block-heading has-text-align-center\">Vk, zem\u00ebr, kur e ke filluar jet\u00ebn ti? hej, b\u00ebj nj\u00eb xhiro nga realiteti, sa je ende \u00ebraund!<\/h4>\n\n\n\n<h4 class=\"wp-block-heading has-text-align-center\">Jo mo jo, them a ka gj\u00eb q\u00eb vlen brenda?<\/h4>\n\n\n\n<h4 class=\"wp-block-heading has-text-align-center\">T\u00eb thash\u00eb \u00ebsht\u00eb shum\u00eb in n\u00eb rrjet. Un\u00eb s\u2019kam hyr\u00eb brenda mo.<\/h4>\n\n\n\n<h4 class=\"wp-block-heading has-text-align-center\">H\u00eb mo h\u00eb, pyeta a ka ndonj\u00eb situat\u00eb a di\u00e7ka?<\/h4>\n\n\n\n<h4 class=\"wp-block-heading has-text-align-center\">S\u2019di. Mos ka ndonj\u00eb sitjuejsh\u00ebnship. Kjo \u00ebsht\u00eb gj\u00ebja m\u00eb in tani.<\/h4>\n\n\n\n<h4 class=\"wp-block-heading has-text-align-center\">H\u00eb mo h\u00eb? dhe ti pse e p\u00ebrdor?<\/h4>\n\n\n\n<h4 class=\"wp-block-heading has-text-align-center\">H\u00eb mo dhe ti! Thash\u00eb: duhet samthing nju si publicitet. Do ta follou ndryshe.<\/h4>\n\n\n\n<h4 class=\"wp-block-heading has-text-align-center\">Pse?<\/h4>\n\n\n\n<h4 class=\"wp-block-heading has-text-align-center\">Ajo \u00ebsht\u00eb shum\u00eb import\u00ebnt p\u00ebr t\u00eb?<\/h4>\n\n\n\n<h4 class=\"wp-block-heading has-text-align-center\">Kush ajo?<\/h4>\n\n\n\n<h4 class=\"wp-block-heading has-text-align-center\">Publiciteti mo.<\/h4>\n\n\n\n<h4 class=\"wp-block-heading has-text-align-center\">P\u00ebr k\u00eb?<\/h4>\n\n\n\n<h4 class=\"wp-block-heading has-text-align-center\">Po p\u00ebr lib\u00ebr-in mo, wtf?<\/h4>\n\n\n\n<h4 class=\"wp-block-heading has-text-align-center\">Ashtu h\u00eb?<\/h4>\n\n\n\n<h4 class=\"wp-block-heading has-text-align-center\">\u00cbsht\u00eb najs, si thua?<\/h4>\n\n\n\n<h4 class=\"wp-block-heading has-text-align-center\">Kush?<\/h4>\n\n\n\n<h4 class=\"wp-block-heading has-text-align-center\">Postimi, mo, kush?<\/h4>\n\n\n\n<h4 class=\"wp-block-heading has-text-align-center\">Po libri vet\u00eb \u00ebsht\u00eb najs?<\/h4>\n\n\n\n<h4 class=\"wp-block-heading has-text-align-center\">S\u2019e di. S\u2019po m\u00eb del koha ta lexoj.<\/h4>\n\n\n\n<h4 class=\"wp-block-heading has-text-align-center\">H\u00eb mo h\u00eb?<\/h4>\n\n\n\n<h4 class=\"wp-block-heading has-text-align-center\">Uot h\u00eb m\u00eb h\u00eb, dhe ti?<\/h4>\n\n\n\n<h4 class=\"wp-block-heading has-text-align-center\">Po h\u00eb dhe ti mo h\u00eb tashi!<\/h4>\n\n\n\n<h4 class=\"wp-block-heading has-text-align-center\">H\u00eb yourself, bejb.<\/h4>\n\n\n\n<h4 class=\"wp-block-heading has-text-align-center\">Shih, prap\u00eb h\u00eb ti mo?<\/h4>\n\n\n\n<h4 class=\"wp-block-heading has-text-align-center\">More ti, \u00e7a h\u00eb tani?<\/h4>\n\n\n\n<h4 class=\"wp-block-heading has-text-align-center\">Edhe m\u00eb H\u00eb mo, plako?<\/h4>\n\n\n\n<h4 class=\"wp-block-heading has-text-align-center\">Plakoo? bumer komplet je!<\/h4>\n\n\n\n<h4 class=\"wp-block-heading has-text-align-center\">Ou, e pse sou?<\/h4>\n\n\n\n<h4 class=\"wp-block-heading has-text-align-center\">Flet n\u00eb gjuh\u00eb komplet ded.<\/h4>\n\n\n\n<h4 class=\"wp-block-heading has-text-align-center\">Po shqip po flas mo.<\/h4>\n\n\n\n<h4 class=\"wp-block-heading has-text-align-center\">Dhet\u2019s uaj, jeta, n\u00eb k\u00ebt lib\u00ebr ti je ded.<\/h4>\n\n\n\n<h4 class=\"wp-block-heading has-text-align-center\">\u00c7a libri mo?<\/h4>\n\n\n\n<h4 class=\"wp-block-heading has-text-align-center\">Te ky libri nju q\u00eb ka dal\u00eb, zem\u00ebr. Aty ti je nouer fare.<\/h4>\n\n\n\n<h4 class=\"wp-block-heading has-text-align-center\">Pse e lexove ti, <em>already<\/em>?<\/h4>\n\n\n\n<h4 class=\"wp-block-heading has-text-align-center\">No uaj, mo, n\u00eb overoll nuk jam bumer si jorself.<\/h4>\n\n\n\n<h4 class=\"wp-block-heading has-text-align-center\">Ti p\u00ebr librin e b\u00ebn PR mo!<\/h4>\n\n\n\n<h4 class=\"wp-block-heading has-text-align-center\">Oh, fuck lib\u00ebr-in or!<\/h4>\n\n\n\n<h4 class=\"wp-block-heading has-text-align-center\">H\u00eb mo h\u00eb?<\/h4>\n\n\n\n<h4 class=\"wp-block-heading has-text-align-center\">Ti zem\u00ebr je follouer apo rider tani?<\/h4>\n\n\n\n<h4 class=\"wp-block-heading has-text-align-center\">Si mo?<\/h4>\n\n\n\n<h4 class=\"wp-block-heading has-text-align-center\">Aj min, ti \u00e7a do? veten si e si?<\/h4>\n\n\n\n<h4 class=\"wp-block-heading has-text-align-center\"><em>See<\/em>? Po s\u2019jam libri un\u00eb mo.<\/h4>\n\n\n\n<h4 class=\"wp-block-heading has-text-align-center\">Oh, kamon tani, jepi librit nj\u00eb shanc!<\/h4>\n\n\n\n<h4 class=\"wp-block-heading has-text-align-center\">\u00c7a shansi o?<\/h4>\n\n\n\n<h4 class=\"wp-block-heading has-text-align-center\">Xhast blije e mos lexo gj\u00eb!<\/h4>\n\n\n\n<h4 class=\"wp-block-heading has-text-align-center\">H\u00eb mo h\u00eb? po h\u00eb, \u00e7a kuptimi ka pastaj?<\/h4>\n\n\n\n<h4 class=\"wp-block-heading has-text-align-center\">Fak kuptimin, bejb! Qr. Ti je krinxh komplet. Ja simpli lexo titull-in.<\/h4>\n\n\n\n<h4 class=\"wp-block-heading has-text-align-center\">Po mo, h\u00eb, se tani s\u2019kam nerva as p\u00ebr titull.<\/h4>\n\n\n\n<h4 class=\"wp-block-heading has-text-align-center\">H\u00eb mo ti. Ja shife titullin si peizazh, p\u00ebr kontemplejsh\u00ebn. Sikur je n\u00eb jug.<\/h4>\n\n\n\n<h4 class=\"wp-block-heading has-text-align-center\">H\u00eb mo h\u00eb?<\/h4>\n\n\n\n<h4 class=\"wp-block-heading has-text-align-center\">\u00c7a h\u00eb mo? e p\u00ebrdor si aksesor, kur hedh samthing n\u00eb rrjet.<\/h4>\n\n\n\n<h4 class=\"wp-block-heading has-text-align-center\">Jo mo jo? aksesor tamam?<\/h4>\n\n\n\n<h4 class=\"wp-block-heading has-text-align-center\">Shu\u00ebr, jeta! nj\u00eb g\u00ebrllfrendi im e p\u00ebrdor si dik.<\/h4>\n\n\n\n<h4 class=\"wp-block-heading has-text-align-center\">H\u00eb mo kot! si <em>dick?<\/em><\/h4>\n\n\n\n<h4 class=\"wp-block-heading has-text-align-center\">Ou, ti je olld fart komplet. E p\u00ebrdor si toi-buk.<\/h4>\n\n\n\n<h4 class=\"wp-block-heading has-text-align-center\">Dhe e fut tamam?<\/h4>\n\n\n\n<h4 class=\"wp-block-heading has-text-align-center\">Po h\u00eb mo dhe ti! get ri\u00ebll, zemra! b\u00ebji pak skip t\u00eb vjetr\u00ebs.<\/h4>\n\n\n\n<h4 class=\"wp-block-heading has-text-align-center\"><em>Ok, to see, to do. <\/em>Po v\u00ebrtet, si e b\u00ebn ajo?<\/h4>\n\n\n\n<h4 class=\"wp-block-heading has-text-align-center\">Po t\u00eb siguroj se mua m\u00eb p\u00eblqen ideja e saj. Sesi e b\u00ebn pastaj, nuk \u00ebsht\u00eb maj biznes. N\u00eb fund t\u00eb dit\u00ebs, ajo \u00ebsht\u00eb influencer, i di ca triks.<\/h4>\n\n\n\n<h4 class=\"wp-block-heading has-text-align-center\">E influencon dometh\u00ebn\u00eb librin ajo? i ndikon aq sa t\u00eb hyj\u00eb?<\/h4>\n\n\n\n<h4 class=\"wp-block-heading has-text-align-center\">H\u00eb mo dhe ti! stop fole k\u00ebshtu! tani, \u00ebsht\u00eb pak bi\u00e7, po prap\u00eb, aniuej \u00ebsht\u00eb jo-lexuese shum\u00eb e zonja.<\/h4>\n\n\n\n<h4 class=\"wp-block-heading has-text-align-center\">H\u00eb mo h\u00eb?<\/h4>\n\n\n\n<h4 class=\"wp-block-heading has-text-align-center\">Mo h\u00eb dhe ti, h\u00eb! zem\u00ebr, nuk je fare fit, ta dish.<\/h4>\n\n\n\n<h4 class=\"wp-block-heading has-text-align-center\">Fit, h\u00eb?<\/h4>\n\n\n\n<h4 class=\"wp-block-heading has-text-align-center\">Si h\u00eb mo?<\/h4>\n\n\n\n<h4 class=\"wp-block-heading has-text-align-center\">Ja pra, h\u00eb prap\u00eb.<\/h4>\n\n\n\n<h4 class=\"wp-block-heading has-text-align-center\">H\u00eb mo dhe ti!<\/h4>\n\n\n\n<h4 class=\"wp-block-heading has-text-align-center\">H\u00eb ti mo.<\/h4>\n\n\n\n<h4 class=\"wp-block-heading has-text-align-center\">Kot ky, me h\u00eb mo!<\/h4>\n\n\n\n<h4 class=\"wp-block-heading has-text-align-center\">Po ha, jo h\u00eb, ok e ke?<\/h4>\n\n\n\n<h4 class=\"wp-block-heading has-text-align-center\">Ha mo kot ky!<\/h4>\n\n\n\n<h4 class=\"wp-block-heading has-text-align-center\">Ha po h\u00eb, ehu \u2026<\/h4>\n\n\n\n<p><\/p>\n\n\n\n<p class=\"has-text-align-left\"><br><strong>21.02.2026<\/strong><br><strong>\u24d2 Idlir Azizaj<\/strong><br><br><\/p>\n","protected":false},"excerpt":{"rendered":"<p>Idlir Azizaj Kritik\u00eb e let\u00ebrsis\u00eb s\u00eb gjuh\u00ebs son\u00eb n\u00eb shuarje (Skerco psikosomatike) Personat:&#8211; H\u00ebmo&#8211; Moh\u00eb&#8211; Shipio e Berkaca, dy qen t\u00eb Rilindjes post-komb\u00ebtare Vendi: parku Rinia, Tiran\u00eb, zona e parjes &#8230;<\/p>\n","protected":false},"author":1,"featured_media":0,"parent":0,"menu_order":0,"comment_status":"closed","ping_status":"closed","template":"","meta":{"footnotes":""},"class_list":["post-1170","page","type-page","status-publish","hentry"],"_links":{"self":[{"href":"https:\/\/logbook.al\/index.php?rest_route=\/wp\/v2\/pages\/1170","targetHints":{"allow":["GET"]}}],"collection":[{"href":"https:\/\/logbook.al\/index.php?rest_route=\/wp\/v2\/pages"}],"about":[{"href":"https:\/\/logbook.al\/index.php?rest_route=\/wp\/v2\/types\/page"}],"author":[{"embeddable":true,"href":"https:\/\/logbook.al\/index.php?rest_route=\/wp\/v2\/users\/1"}],"replies":[{"embeddable":true,"href":"https:\/\/logbook.al\/index.php?rest_route=%2Fwp%2Fv2%2Fcomments&post=1170"}],"version-history":[{"count":13,"href":"https:\/\/logbook.al\/index.php?rest_route=\/wp\/v2\/pages\/1170\/revisions"}],"predecessor-version":[{"id":1196,"href":"https:\/\/logbook.al\/index.php?rest_route=\/wp\/v2\/pages\/1170\/revisions\/1196"}],"wp:attachment":[{"href":"https:\/\/logbook.al\/index.php?rest_route=%2Fwp%2Fv2%2Fmedia&parent=1170"}],"curies":[{"name":"wp","href":"https:\/\/api.w.org\/{rel}","templated":true}]}}