{"id":1198,"date":"2026-02-28T13:00:28","date_gmt":"2026-02-28T13:00:28","guid":{"rendered":"https:\/\/logbook.al\/?page_id=1198"},"modified":"2026-02-28T14:16:12","modified_gmt":"2026-02-28T14:16:12","slug":"mire-dhe-gabim","status":"publish","type":"page","link":"https:\/\/logbook.al\/?page_id=1198","title":{"rendered":"MIR\u00cb DHE GABIM"},"content":{"rendered":"\n<h5 class=\"wp-block-heading\"><strong>Remo D\u00ebvos<\/strong><br><strong><mark style=\"background-color:rgba(0, 0, 0, 0)\" class=\"has-inline-color has-cyan-bluish-gray-color\"><strong>MIR\u00cb DHE GABIM<\/strong><\/mark><\/strong><\/h5>\n\n\n\n<div class=\"wp-block-media-text is-stacked-on-mobile\"><figure class=\"wp-block-media-text__media\"><img loading=\"lazy\" decoding=\"async\" width=\"683\" height=\"1024\" src=\"https:\/\/logbook.al\/wp-content\/uploads\/2026\/02\/Remo-Devos_logbook_blog-2-683x1024.png\" alt=\"\" class=\"wp-image-1207 size-full\" srcset=\"https:\/\/logbook.al\/wp-content\/uploads\/2026\/02\/Remo-Devos_logbook_blog-2-683x1024.png 683w, https:\/\/logbook.al\/wp-content\/uploads\/2026\/02\/Remo-Devos_logbook_blog-2-200x300.png 200w, https:\/\/logbook.al\/wp-content\/uploads\/2026\/02\/Remo-Devos_logbook_blog-2-768x1152.png 768w, https:\/\/logbook.al\/wp-content\/uploads\/2026\/02\/Remo-Devos_logbook_blog-2.png 1024w\" sizes=\"auto, (max-width: 683px) 100vw, 683px\" \/><\/figure><div class=\"wp-block-media-text__content\">\n<h4 class=\"wp-block-heading\"><br>Nj\u00eb zot e di kush ka t\u00eb drejt\u00eb e kush gabim!<br>Mm!<br>V\u00ebshir\u00eb ta gjykosh.<br>Eh!<br>Un\u00eb p\u00ebr vete mendoja dikur se gjith\u00eb bota kish t\u00eb drejt\u00eb. Deri dit\u00ebn kur perceptova se sa gabim e kan\u00eb shum\u00eb nga njer\u00ebzit q\u00eb un\u00eb pandehja se kishin t\u00eb drejt\u00eb.<br>\u00cb\u00eb\u00eb!<br>Pra un\u00eb e kisha mir\u00eb. E si rrjedhim e kisha patur dikur gabim!<br>\u00cbh?<br>Gabim n\u00eb kuptimin q\u00eb ju kisha dh\u00ebn\u00eb t\u00eb drejt\u00eb njer\u00ebzve q\u00eb gabimisht besonin se kishin t\u00eb drejt\u00eb.<br>Ah!<br>Q\u00eb dometh\u00ebn\u00eb: un\u00eb, q\u00eb s\u2019e kisha gabim, s\u2019kisha arsye pse t\u2019i quaja n\u00eb gabim njer\u00ebzit q\u00eb pretendonin se kishin t\u00eb drejt\u00eb, nd\u00ebrkoh\u00eb q\u00eb aspak t\u00eb drejt\u00eb s\u2019kishin.<br>Ee!<br>Drejt e kam, apo jo?<br>Dhe di\u00e7ka tjet\u00ebr: ndodh q\u00eb t\u2019u jap t\u00eb drejt\u00eb edhe njer\u00ebzve q\u00eb kan\u00eb t\u00eb drejt\u00eb. Po edhe ky gabim \u00ebsht\u00eb. Nj\u00eblloj sikur t\u2019ju jepja iden\u00eb se e kan\u00eb atyre q\u00eb s\u2019kan\u00eb fare t\u00eb drejt\u00eb. Kjo s\u2019ka kuptim!<br>Ntc!<br>Si p\u00ebrfundim: m\u00eb duket se b\u00ebjm\u00eb gabim sa her\u00eb rrekemi t\u00eb kemi t\u00eb drejt\u00eb para njer\u00ebzve t\u00eb cil\u00ebt kan\u00eb \u00e7do arsye t\u00eb mundshme t\u00eb besojn\u00eb q\u00eb s\u2019e kan\u00eb gabim.<\/h4>\n\n\n\n<p><\/p>\n<\/div><\/div>\n\n\n\n<h4 class=\"wp-block-heading\"><strong>P\u00ebrshtati: Idlir Azizaj<\/strong><\/h4>\n","protected":false},"excerpt":{"rendered":"<p>Remo D\u00ebvosMIR\u00cb DHE GABIM Nj\u00eb zot e di kush ka t\u00eb drejt\u00eb e kush gabim!Mm!V\u00ebshir\u00eb ta gjykosh.Eh!Un\u00eb p\u00ebr vete mendoja dikur se gjith\u00eb bota kish t\u00eb drejt\u00eb. Deri dit\u00ebn kur &#8230;<\/p>\n","protected":false},"author":1,"featured_media":0,"parent":0,"menu_order":0,"comment_status":"closed","ping_status":"closed","template":"","meta":{"footnotes":""},"class_list":["post-1198","page","type-page","status-publish","hentry"],"_links":{"self":[{"href":"https:\/\/logbook.al\/index.php?rest_route=\/wp\/v2\/pages\/1198","targetHints":{"allow":["GET"]}}],"collection":[{"href":"https:\/\/logbook.al\/index.php?rest_route=\/wp\/v2\/pages"}],"about":[{"href":"https:\/\/logbook.al\/index.php?rest_route=\/wp\/v2\/types\/page"}],"author":[{"embeddable":true,"href":"https:\/\/logbook.al\/index.php?rest_route=\/wp\/v2\/users\/1"}],"replies":[{"embeddable":true,"href":"https:\/\/logbook.al\/index.php?rest_route=%2Fwp%2Fv2%2Fcomments&post=1198"}],"version-history":[{"count":6,"href":"https:\/\/logbook.al\/index.php?rest_route=\/wp\/v2\/pages\/1198\/revisions"}],"predecessor-version":[{"id":1224,"href":"https:\/\/logbook.al\/index.php?rest_route=\/wp\/v2\/pages\/1198\/revisions\/1224"}],"wp:attachment":[{"href":"https:\/\/logbook.al\/index.php?rest_route=%2Fwp%2Fv2%2Fmedia&parent=1198"}],"curies":[{"name":"wp","href":"https:\/\/api.w.org\/{rel}","templated":true}]}}