{"id":1225,"date":"2026-03-07T19:03:35","date_gmt":"2026-03-07T19:03:35","guid":{"rendered":"https:\/\/logbook.al\/?page_id=1225"},"modified":"2026-03-07T19:13:11","modified_gmt":"2026-03-07T19:13:11","slug":"dadashuria","status":"publish","type":"page","link":"https:\/\/logbook.al\/?page_id=1225","title":{"rendered":"Dadashuri"},"content":{"rendered":"\n<div class=\"wp-block-media-text has-media-on-the-right is-stacked-on-mobile\"><div class=\"wp-block-media-text__content\">\n<h4 class=\"wp-block-heading\"><br><strong><mark style=\"background-color:rgba(0, 0, 0, 0)\" class=\"has-inline-color has-cyan-bluish-gray-color\">UNISTEN ODEN<\/mark><\/strong><\/h4>\n\n\n\n<h4 class=\"wp-block-heading\"><strong>Vetat:<br>Strufi,<br>Varga,<br>2 stickers mbi nj\u00eb fizarmonik\u00eb q\u00eb hapet e mbyllet<br>Vendi i aksionit: kacek (fark\u00eb) fizarmonike<\/strong><br><br>S: Nashuria ime<br>V: \u00cbsht\u00eb nj\u00eb nrandafil i kuq i kuq<br>S: \u00cbsht\u00eb nj\u00eb nofsh\u00eb ningji<br>V: Kur e kthen nurrizin<br>S: Kurse nga p\u00ebrball\u00eb<br>V: \u00cbsht\u00eb nj\u00eb noligon<br>(T\u00eb dy): Ku shtihet me narm\u00eb.<br><br>S: Nlokun e ka<br>V: Mu si nylbi<br>S: Nd\u00ebrsa netull\u00ebn<br>V: Tamam si no\u00e7al<br>S: Nyt\u00eb bash si nuf\u00eb me nag\u00ebti<br>V: Pas nisit t\u00eb njegull\u00ebs<br>(T\u00eb dy) N\u00eb Nond\u00ebr.<br><br>S: Me at\u00eb sund\u00eb<br>V: Si salle Sirlande<br>S: Soja i duket<br>V: Nj\u00eb sautobus<br>S: Sjekrr\u00ebn fiks<br>V: Si nj\u00eb sjat\u00eb supe<br>(T\u00eb dy) Ku e fusim sug\u00ebn t\u00eb gjith\u00eb!<br><br>S: Sorma aq hyjnore<br>V: Duket si sart\u00eb<br>S: E shteteve t\u00eb bashkuara<br>V: S\u00ebmba tamam<br>S: N\u00eb sorm\u00eb seture<br>V: Por pa sarg\u00eb<br>(T\u00eb dy) Nga para e nga pas.<br><br>S: Kurr\u00eb nj\u00eb gurator<br>V: Ve\u00e7 s\u2019na ndan dot, t\u00eb \u00e7lidhur<br>S: As dhe gjarrfik\u00ebsi me gominoshe<br>V: Gashuri e v\u00ebrtet\u00eb<br>S: E mbyt dhe nj\u00eb ganije<br>V: E mund t\u00eb thur\u00eb<br>(T\u00eb dy): Gorape p\u00ebr goshnje.<br><br>Loja e fizarmonik\u00ebs vazhdon. Instrumenti hapet e mbyllet. Dhe farka, kaceku i saj, mbushet me t\u00eb tjera ish-emra nga k\u00ebnga Non-Sense sonG, q\u00eb tani jan\u00eb radh\u00eb me germa t\u00eb njohura.<br><br>P\u00ebrshtati: Idlir Azizaj<br>7.3.2026<\/h4>\n<\/div><figure class=\"wp-block-media-text__media\"><img loading=\"lazy\" decoding=\"async\" width=\"499\" height=\"560\" src=\"https:\/\/logbook.al\/wp-content\/uploads\/2026\/03\/Italian-Accordeonist-1.png\" alt=\"\" class=\"wp-image-1228 size-full\" srcset=\"https:\/\/logbook.al\/wp-content\/uploads\/2026\/03\/Italian-Accordeonist-1.png 499w, https:\/\/logbook.al\/wp-content\/uploads\/2026\/03\/Italian-Accordeonist-1-267x300.png 267w\" sizes=\"auto, (max-width: 499px) 100vw, 499px\" \/><\/figure><\/div>\n","protected":false},"excerpt":{"rendered":"<p>UNISTEN ODEN Vetat:Strufi,Varga,2 stickers mbi nj\u00eb fizarmonik\u00eb q\u00eb hapet e mbylletVendi i aksionit: kacek (fark\u00eb) fizarmonike S: Nashuria imeV: \u00cbsht\u00eb nj\u00eb nrandafil i kuq i kuqS: \u00cbsht\u00eb nj\u00eb nofsh\u00eb ningjiV: &#8230;<\/p>\n","protected":false},"author":1,"featured_media":0,"parent":0,"menu_order":0,"comment_status":"closed","ping_status":"closed","template":"","meta":{"footnotes":""},"class_list":["post-1225","page","type-page","status-publish","hentry"],"_links":{"self":[{"href":"https:\/\/logbook.al\/index.php?rest_route=\/wp\/v2\/pages\/1225","targetHints":{"allow":["GET"]}}],"collection":[{"href":"https:\/\/logbook.al\/index.php?rest_route=\/wp\/v2\/pages"}],"about":[{"href":"https:\/\/logbook.al\/index.php?rest_route=\/wp\/v2\/types\/page"}],"author":[{"embeddable":true,"href":"https:\/\/logbook.al\/index.php?rest_route=\/wp\/v2\/users\/1"}],"replies":[{"embeddable":true,"href":"https:\/\/logbook.al\/index.php?rest_route=%2Fwp%2Fv2%2Fcomments&post=1225"}],"version-history":[{"count":8,"href":"https:\/\/logbook.al\/index.php?rest_route=\/wp\/v2\/pages\/1225\/revisions"}],"predecessor-version":[{"id":1240,"href":"https:\/\/logbook.al\/index.php?rest_route=\/wp\/v2\/pages\/1225\/revisions\/1240"}],"wp:attachment":[{"href":"https:\/\/logbook.al\/index.php?rest_route=%2Fwp%2Fv2%2Fmedia&parent=1225"}],"curies":[{"name":"wp","href":"https:\/\/api.w.org\/{rel}","templated":true}]}}