{"id":1270,"date":"2026-03-30T06:56:04","date_gmt":"2026-03-30T06:56:04","guid":{"rendered":"https:\/\/logbook.al\/?page_id=1270"},"modified":"2026-03-30T21:14:32","modified_gmt":"2026-03-30T21:14:32","slug":"vera","status":"publish","type":"page","link":"https:\/\/logbook.al\/?page_id=1270","title":{"rendered":"Vera"},"content":{"rendered":"\n<h5 class=\"wp-block-heading\"><mark style=\"background-color:rgba(0, 0, 0, 0)\" class=\"has-inline-color has-cyan-bluish-gray-color\">elfriede czurda <\/mark><\/h5>\n\n\n\n<h1 class=\"wp-block-heading\">Vera<\/h1>\n\n\n\n<h4 class=\"wp-block-heading\"><mark style=\"background-color:rgba(0, 0, 0, 0)\" class=\"has-inline-color has-cyan-bluish-gray-color\">1<\/mark><br>Danubi i Ri duket xham pasqyr\u00eb dielli p\u00ebrshkon gjethet e thata t\u00eb plepit aty p\u00ebrmbi vorbulla e er\u00ebs n\u00eb vend pal\u00ebvizur. Ndonj\u00eb notues kridhet n\u00eb uj\u00eb. Rreth e rrotull n\u00eb larg\u00ebsi p\u00ebrkat\u00ebse rr\u00ebzit\u00ebsit me shtate l\u00ebkurkaft\u00eb e qen\u00eb dihat\u00ebs e t\u00eb duruesh\u00ebm n\u00ebp\u00ebr vende n\u00ebn hije. Shekull pas shekulli kjo popullsi q\u00eb n\u00eb gusht prej qytetit dyndet drejt sedimenteve end\u00ebse t\u00eb rrjedh\u00ebs natyrore shnd\u00ebrrohet s\u00ebrish n\u00eb natyr\u00eb?<br><br>T\u00eb tilla jan\u00eb tashm\u00eb ato vera hap\u00ebsirat ku ajo veron buz\u00eb ujit ver\u00ebs mes shtateve plot l\u00ebkur\u00eb t\u00eb rreshk\u00ebt. Ajo vet\u00eb nuk ia del vetiu ta mbush\u00eb modelimin e veshjes verore. Ajo \u00ebsht\u00eb e zhveshur e pambrojtur nga teshat as nga shijet e kombinimet e saj e zhveshur ajo pran\u00eb gjith\u00eb imazheve sunduese trup i zhveshur q\u00eb ato e shuajn\u00eb asgj\u00ebsojn\u00eb e zhdukin e zhb\u00ebjn\u00eb. As katolike e q\u00ebruar as puro kapitaliste sa dhe komerciale pa dobi ajo e zhveshur dhe krejt pa dobi ve\u00e7 konsumit t\u00eb bastarduar i bastarduar p\u00ebrsa koh\u00eb merr frym\u00eb e ushqehet e mendon n\u00eb koh\u00eb nd\u00ebrsa mjaft nuk fle pa patur as ide t\u00eb ngrej\u00eb nj\u00eb kapital nga i cili mund t\u00eb hedh\u00eb di\u00e7ka porse pik\u00eb rezultati ska prej idealeve q\u00eb bart ai shtat. Ajo se m\u2019vesh dot diellin. \u00a0\u00a0<\/h4>\n\n\n\n<h4 class=\"wp-block-heading\"><mark style=\"background-color:rgba(0, 0, 0, 0)\" class=\"has-inline-color has-cyan-bluish-gray-color\">2<\/mark><br>Trupat ve\u00e7 trupa jan\u00eb. E trupat jan\u00eb hap\u00ebsira, paradhom\u00eb, sallon, dhom\u00eb gjumi, banjo, e trupat jan\u00eb tuba shpimesh tuba shkarkimi shp\u00ebndar\u00ebs, brryla p\u00ebrcjell\u00ebs. Dhe trupat jan\u00eb volume, ata jan\u00eb frym\u00eb e l\u00ebng, ata jan\u00eb firom\u00eb e gjak e urin\u00eb e k\u00eblbaz\u00eb, jan\u00eb astm\u00eb, grom\u00ebsim\u00eb dhe pjerdhje.<br>Dhe instrumentet jan\u00eb trupa, ato jan\u00eb termostat, ato jan\u00eb oper\u00eb dhe \u00e7ekan, rrotor\u00eb, piano e hark violine e sht\u00ebpi qefesh. Trupat jan\u00eb hambar\u00eb, ata grumbullojn\u00eb p\u00ebrbrendshm\u00ebri e mish e gjak e s\u00ebmundje e marr\u00ebdh\u00ebnie dashurie e q\u00ebllime tjera p\u00ebrshtuese \u00a0dhe apetite t\u00eb pashpresa si paqe apo heshtje. Gjithmon\u00eb gurgullojn\u00eb.<br>Dhe trupat jan\u00eb rruzull ose kast\u00eb ose shul ose violina ose ekluz\u00eb ose shtate krejt t\u00eb zakonshme l\u00ebkurnd\u00ebrruese.<br><br><mark style=\"background-color:rgba(0, 0, 0, 0)\" class=\"has-inline-color has-cyan-bluish-gray-color\">3<\/mark><br>Dhe duart jan\u00eb duar. Duart jan\u00eb gjethe embrionale, gjethe t\u00eb dor\u00ebzonj\u00ebs, t\u00eb cilat shpalosin gishtrinjt\u00eb e tyre t\u00eb kuq e mbahen n\u00ebp\u00ebr murin e suvatur, n\u00eb nj\u00eb hartos\u00eb druri, t\u00eb gjerb\u00ebs, duke shtypur tastet n\u00eb mur\u00eb, gjeth p\u00ebr gjethi. Dhe mbahen n\u00eb ty dhe n\u00eb shpres\u00ebn e rrugic\u00ebs s\u00eb shkalleve e mb\u00ebshtets\u00ebs s\u00eb tyre. Duart mbajn\u00eb e kapin e p\u00ebrkdhelin e rrahin e hapin e mb\u00ebrthejn\u00eb. Duart jan\u00eb duar, vegla kap\u00ebse e \u00e7omange e kaps\u00eb shtr\u00ebnguese. Dhe duart shtr\u00ebngohen n\u00eb duar n\u00eb njer\u00ebz n\u00eb gj\u00ebra si part\u00eb e pem\u00ebt e sht\u00ebpit\u00eb dhe n\u00eb bot\u00ebn q\u00eb nuk \u00ebsht\u00eb mb\u00ebshtetje e p\u00ebrhershme n\u00eb t\u00eb rr\u00ebshqasin duart qysh her\u00ebt a von\u00eb si duart q\u00eb her\u00ebt a von\u00eb rr\u00ebshqasin n\u00eb gjith\u00e7ka dhe nuk jan\u00eb m\u00eb t\u00eb p\u00ebrshtatshme p\u00ebr t\u2018u mbajtur vet\u00ebm p\u00ebr t\u00eb q\u00ebndruar n\u00eb jorgan.<br>Dhe frika \u00ebsht\u00eb vet\u00ebm frik\u00eb sikur nj\u00eb frym\u00eb q\u00eb \u00ebsht\u00eb nj\u00eb frym\u00eb. Nj\u00eb frym\u00eb b\u00ebn\u00eb zhurm\u00eb. Frika nuk b\u00ebn\u00eb zhurm\u00eb. Nj\u00eb frym\u00eb e papritur hedh tryez\u00ebn e kaf\u00ebs n\u00eb trotuar dhe me t\u00eb pjat\u00ebzen e filxhanin e got\u00ebn gjysm\u00eb t\u00eb zbrazur me uj\u00eb e lug\u00ebn e vog\u00ebl. Mbuloja ngrihet n\u00eb aj\u00ebr m\u00eb t\u00eb cil\u00ebn edhe peceta. Nj\u00eb balon q\u00eb ngat\u00ebrrohet n\u00eb vete e n\u00eb shkurre n\u00eb sheshin e lodrave ngat\u00ebrrohet e g\u00ebrrvishet e p\u00ebr\u00e7art\u00ebt e rrap\u00ebllitet. N\u00eb trungun e pem\u00ebs p\u00eblcet, e pastaj vijn\u00eb nj\u00ebqind vjet kuror\u00eb e rritje drejt\u00eb n\u00eb ty turret n\u00eb jet\u00ebn t\u00ebnde e ti k\u00ebrcen. Frika \u00ebsht\u00eb krejt e heshtur paraqitet sikur e vdekur e shtohet eksponencialisht e kur provon t\u00eb shuhet t\u00eb detyron drejt\u00eb nj\u00eb teze t\u00eb madhe. Frika \u00ebsht\u00eb frik\u00eb e shumohet n\u00eb shum\u00ebfishin e vet\u00ebs. Frika rritet n\u00eb frik\u00eb. Ve\u00e7se m\u00eb n\u00eb fund frika vdes n\u00eb frik\u00eb. \u00a0<br><br><mark style=\"background-color:rgba(0, 0, 0, 0)\" class=\"has-inline-color has-cyan-bluish-gray-color\">4<\/mark><br>Danubi Ri \u00ebsht\u00eb i qet\u00eb pasqyr\u00eb, dielli p\u00ebrshpon gjethet e thata t\u00eb plepit, aty p\u00ebrmbi turbina e er\u00ebs \u00ebsht\u00eb e pal\u00ebvizur. Kjo \u00ebsht\u00eb tani vera e tyre hap\u00ebsirat e ver\u00ebs tyre ver\u00ebs s\u00eb tyre pran\u00eb ujit mes shtateve l\u00ebkuror\u00eb p\u00ebrkaft\u00eb e veshjes verore t\u00eb trupit t\u00eb tyre t\u00eb ngath\u00ebt e zbeht\u00eb.<br><br>Pas saj shum\u00eb pas saj n\u00eb koh\u00eb gjenden lumi i mudhirit Truna Ennsa Tamesa Sena lumi Maumee Jangtse lumi i Shinanos liqeni Bi\u00eba deti i Mesdheut Atlantiku e Pacifiku dhe gjith\u00eb ato uj\u00ebra n\u00eb t\u00eb cil\u00ebt trupin e saj t\u00eb zhytur apo t\u00eb pazhytur pran\u00eb t\u00eb cil\u00ebve ka q\u00ebndruar \u00ebsht\u00eb mb\u00ebshtet\u00eb ka ndej gjith\u00eb e veshur l\u00ebkur\u00ebn e trurin n\u00eb st\u00ebrpikje n\u00eb shkumbim n\u00eb brumbullim t\u00eb dallgave fundosur \u00e7do mendim nj\u00eb zhytje n\u00eb uj\u00eb q\u00eb freskon nxeht\u00ebsin\u00eb e thjesht\u00eb qenies n\u00eb jet\u00eb ose djegie t\u00eb gj\u00ebra e t\u00eb pa sh\u00ebrueshme shkakton.<\/h4>\n\n\n\n<h4 class=\"wp-block-heading\">Nj\u00eb Taifun u ngrit me qindra kilometra nga jugu n\u00eb Honshu u ngrit u turr n\u00eb per\u00ebndim drejt Kin\u00ebs nd\u00ebrron befas q\u00ebllimin e i sulet n\u00eb veri gjirit t\u00eb Osak\u00ebs vjen af\u00ebr e af\u00ebr me shpejt\u00ebsi rotacioni marramend\u00ebs n\u00eb sy. N\u00eb ekran televiziv ajo ndjek or\u00eb pas ore vij\u00ebn e l\u00ebvizjes s\u00eb turbullosur fuqin\u00eb e val\u00ebvitjeve t\u00eb paparashikuara sipas rrethanave atmosferike atje jasht\u00eb n\u00eb Paq\u00ebsor. Befas pak pran\u00eb kontaktit me bregun Taifun sillet e soset n\u00eb det.<\/h4>\n\n\n\n<h4 class=\"wp-block-heading\"><br>Derisa ajo p\u00ebrgatit m\u00ebngjesin qielli amerikan kristal i qart\u00eb mbi gjer\u00ebsin\u00eb e paimagjinuar t\u00eb shtresave qend\u00ebr-per\u00ebndimore tendos\u00eb nj\u00eb Blizzard t\u00eb dendur stuhi bore p\u00ebrreth sht\u00ebpis\u00eb. As edhe nj\u00ebher\u00eb deri tek zona kufitare t\u00eb duket ajo e mbyllur nga t\u00eb sht\u00ebnat-bore p\u00ebr nj\u00eb \u00e7ast t\u00eb shkurt\u00ebr mbaron jo si dielli kristal i qart\u00eb n\u00eb qiellin kristal t\u00eb qart\u00eb t\u00eb Ohios dhe shk\u00eblqin\u00eb e pikave kristal-qart\u00eb po tashm\u00eb kristalet n\u00eb gjete pem\u00ebsh e kullosa.<br>P\u00ebrmbi Spree mij\u00ebra peshqi t\u00eb vdekur barkdal pas shum\u00ebdit\u00ebve me shi me aq shum\u00eb ndyr\u00ebsi e balt\u00eb nga posht\u00eb t\u2019ngjizur derisa nuk mbet m\u00eb oksigjen p\u00ebr frym\u00ebmarrje t\u00eb tyre. Kund\u00ebrmon p\u00ebrtac\u00ebsi e peshqi para dere varkat e policis\u00eb ujore l\u00ebvizin mbi Spree nga lart\u00eb e posht\u00eb dhe v\u00ebzhgojn\u00eb zhvillimin. Anije t\u00eb m\u00ebdha pompojn\u00eb oksigjen n\u00eb uj\u00eb.<br>Bie shi e shi p\u00ebrroi i mullirit ka dal p\u00ebrmbi breg n\u00eb pend\u00eb t\u00eb mullibardhit i varur nj\u00eb gic i vdekur i ri i p\u00ebrmbysur deri n\u00eb plasje. T\u00eb varur k\u00ebmb\u00eb karrigesh e deg\u00eb paksa t\u00eb thurura nga t\u00eb verdht\u00eb e diellit e k\u00ebpuc\u00eb t\u00eb ndryshme. Dy dit\u00eb i duhen nivelit ujit derisa t\u00eb normalizohet dhe t\u00eb shndrit t\u00eb kuqt e ujit nga fabrika e tekstilit p\u00ebrmbysur, q\u00eb sot leshin ka ngjyrosur. \u00a0<br><br><mark style=\"background-color:rgba(0, 0, 0, 0)\" class=\"has-inline-color has-cyan-bluish-gray-color\">5<\/mark><br>Ai i cili gjat\u00eb largimit ve\u00e7 nj\u00ebher\u00eb t\u00eb q\u00ebndroj i kthyer. T\u00eb q\u00ebndroj e q\u00ebndroj derisa t\u00eb b\u00ebhet i duksh\u00ebm n\u00eb hije t\u00eb plepit. Nj\u00eb shtat l\u00ebkuror i kaft\u00eb me l\u00ebvore t\u00eb pangat\u00ebrrueshme sikur plepi q\u00eb q\u00ebndron aty e nuk plaket. Identiteti l\u00ebkuror i notuesve t\u00eb zhveshur pashp\u00ebrnjohur lart\u00eb n\u00eb parkingun e veturave\u00a0 t\u00eb Danubit Ri v\u00ebrshon \u00e7do gusht nga qyteti s\u00eb jashtmi dhe shnd\u00ebrrohet n\u00eb sendimente bredh\u00ebse t\u00eb Danubit p\u00ebrs\u00ebri n\u00eb natyr\u00eb.<\/h4>\n\n\n\n<h4 class=\"wp-block-heading\">Ashtu si\u00e7 rri n\u00ebp\u00ebr hap\u00ebsirat e ver\u00ebs pran\u00eb ujit e zhveshur e zbeht\u00eb e pakuptim \u00e7do e kaluar dhe e ardhme grabiten n\u00eb bregun verior. Nj\u00eb banor i paduksh\u00ebm i friksh\u00ebm i \u00e7arqeve urbane jugore t\u00eb Danubit p\u00ebrmbyset i paem\u00ebr nga gjir\u00ebt e uj\u00ebrave tjer\u00eb rrymave tjera e plazheve t\u00eb notarve t\u00eb zhveshur. Nj\u00ebri me krahror varkor shnd\u00ebrrohet n\u00eb nj\u00eb thes l\u00ebkure n\u00eb kreatur\u00eb t\u00eb padukshme t\u00eb ujit Danubit t\u00eb cil\u00ebt se gjejn\u00eb veten nd\u00ebrmjet t\u00eb b\u00ebmave d\u00ebrd\u00ebllis\u00ebse e kod\u00ebr venusi t\u00eb pyll\u00ebzuar n\u00eb barin veror t\u00eb thar\u00eb. Ajo u kthye dhe mbeti nj\u00eb peshk gjymtyr\u00eb peshku i pagjini n\u00eb bar\u00ebrat (kullosat) me gjemba.<br><br>21.03.2026<br>\u00a9 Elfriede Czurda<br><br>P\u00ebrktheu: Alban Beqiraj<br><br><\/h4>\n\n\n\n<p><\/p>\n","protected":false},"excerpt":{"rendered":"<p>elfriede czurda Vera 1Danubi i Ri duket xham pasqyr\u00eb dielli p\u00ebrshkon gjethet e thata t\u00eb plepit aty p\u00ebrmbi vorbulla e er\u00ebs n\u00eb vend pal\u00ebvizur. Ndonj\u00eb notues kridhet n\u00eb uj\u00eb. Rreth &#8230;<\/p>\n","protected":false},"author":1,"featured_media":0,"parent":0,"menu_order":0,"comment_status":"closed","ping_status":"closed","template":"","meta":{"footnotes":""},"class_list":["post-1270","page","type-page","status-publish","hentry"],"_links":{"self":[{"href":"https:\/\/logbook.al\/index.php?rest_route=\/wp\/v2\/pages\/1270","targetHints":{"allow":["GET"]}}],"collection":[{"href":"https:\/\/logbook.al\/index.php?rest_route=\/wp\/v2\/pages"}],"about":[{"href":"https:\/\/logbook.al\/index.php?rest_route=\/wp\/v2\/types\/page"}],"author":[{"embeddable":true,"href":"https:\/\/logbook.al\/index.php?rest_route=\/wp\/v2\/users\/1"}],"replies":[{"embeddable":true,"href":"https:\/\/logbook.al\/index.php?rest_route=%2Fwp%2Fv2%2Fcomments&post=1270"}],"version-history":[{"count":6,"href":"https:\/\/logbook.al\/index.php?rest_route=\/wp\/v2\/pages\/1270\/revisions"}],"predecessor-version":[{"id":1320,"href":"https:\/\/logbook.al\/index.php?rest_route=\/wp\/v2\/pages\/1270\/revisions\/1320"}],"wp:attachment":[{"href":"https:\/\/logbook.al\/index.php?rest_route=%2Fwp%2Fv2%2Fmedia&parent=1270"}],"curies":[{"name":"wp","href":"https:\/\/api.w.org\/{rel}","templated":true}]}}