{"id":1283,"date":"2026-03-30T08:02:57","date_gmt":"2026-03-30T08:02:57","guid":{"rendered":"https:\/\/logbook.al\/?page_id=1283"},"modified":"2026-04-03T16:06:02","modified_gmt":"2026-04-03T16:06:02","slug":"ontologia-futbollistica","status":"publish","type":"page","link":"https:\/\/logbook.al\/?page_id=1283","title":{"rendered":"Ontologia futbollistica"},"content":{"rendered":"\n<h5 class=\"wp-block-heading\"><mark style=\"background-color:rgba(0, 0, 0, 0)\" class=\"has-inline-color has-cyan-bluish-gray-color\">Idlir Azizaj<\/mark><\/h5>\n\n\n\n<h2 class=\"wp-block-heading has-text-align-left\"><strong>Ontologia futbollistica<\/strong><\/h2>\n\n\n\n<h6 class=\"wp-block-heading has-text-align-left\"><em>p\u00ebr Elfriede Jelinek<\/em><br><\/h6>\n\n\n\n<figure class=\"wp-block-image size-full\"><img loading=\"lazy\" decoding=\"async\" width=\"948\" height=\"594\" src=\"https:\/\/logbook.al\/wp-content\/uploads\/2026\/03\/Ontologjia-futbollistics-2-1.png\" alt=\"\" class=\"wp-image-1325\" srcset=\"https:\/\/logbook.al\/wp-content\/uploads\/2026\/03\/Ontologjia-futbollistics-2-1.png 948w, https:\/\/logbook.al\/wp-content\/uploads\/2026\/03\/Ontologjia-futbollistics-2-1-300x188.png 300w, https:\/\/logbook.al\/wp-content\/uploads\/2026\/03\/Ontologjia-futbollistics-2-1-768x481.png 768w, https:\/\/logbook.al\/wp-content\/uploads\/2026\/03\/Ontologjia-futbollistics-2-1-480x300.png 480w, https:\/\/logbook.al\/wp-content\/uploads\/2026\/03\/Ontologjia-futbollistics-2-1-640x400.png 640w\" sizes=\"auto, (max-width: 948px) 100vw, 948px\" \/><\/figure>\n\n\n\n<h4 class=\"wp-block-heading has-text-align-left\"><br><strong>Vetat:<em><br><\/em>&#8211; Njeri<br>&#8211; Dyri<br>&#8211; Treri . . . <\/strong><br><br><em>Vendi: brenda nj\u00eb topi futbolli<br>Koha e aksionit: 500 mij\u00eb eurodekika<\/em><br><\/h4>\n\n\n\n<h4 class=\"wp-block-heading has-text-align-left\">Gol ishte?<br>Jo, rast.<br>Shtyll\u00eb qe.<br>U duk sikur hyri.<br>Rast\u00ebsisht nuk hyri.<br>Rast yll, goxha shtyll\u00eb qe.<br><br>O sa mire me qen\u00eb nj\u00eb gol, ohej!<br>Oh sa mire me qen\u00eb dhe rast, okey!<br>O sa mire t\u2019mos ishte shtyll\u00eb, ohej!&nbsp;<br><br>Po pse s\u2019ishte gol?<br>Se ishte rast.<br>Nuk qe rast, qe shtyll\u00eb po them!<br><br>O sa mir\u00eb do ishte gol, ohej!<br>O sa mir\u00eb me qen\u00eb dhe rast, ohej!<br>O sa mir\u00eb nj\u00eb rast me shtyll\u00eb, ohej!<br><br>Po shtyll\u00eb s\u2019\u00ebsht\u00eb tamam gol!<br>Po, po rast \u00ebsht\u00eb ama!<br>Kur \u00ebsht\u00eb shtyll\u00eb rasti ekziston, po gol nuk \u00ebsht\u00eb!<br><br>Oh sa mir\u00eb me qen\u00eb tamam, ohej!<br>Oh sa mir\u00eb me qen\u00eb ama, ohej!<br>Oh sa mir\u00eb me qen\u00eb edhe kur s\u2019\u00ebsht\u00eb, ohej!<br><br>Ky po do jet\u00eb gol, p\u00ebr nder!<br>Po dhe rast me qen\u00eb . . .<br>Edhe sikur shtyll\u00eb t\u00eb jet\u00eb . . .<br><br>O sa mir\u00eb me qen\u00eb nj\u00eb gol, ohej!<br>O sa mir\u00eb vet\u00ebm me qen, ohej!<br>O sa mire me qen\u00eb dhe shtyll\u00eb, ohej!<br><br>E kuqja, e kuqja, e kuqja do fitoj!<br>E keqja, e keqja, e keqja do d\u00ebshtoj!<br>E koqja, e koqja, koqja do bleroj!<br><br>Do bleroj\u00eb?<br>Po qe jeshile, po.<br>Po s\u2019qe si fusha, jo.<br><br>Shaize, s\u2019qe e th\u00ebn\u00eb ta shohim golin!<br>Se qe dhe rasti ta shohim t\u00eb pakt\u00ebn rastin!<br>E n\u00ebse qe edhe shtyll\u00eb edhe gol, s\u2019qe e th\u00ebn\u00eb ta shohim.<br><br>O sa mir\u00eb me qen\u00eb e th\u00ebn\u00eb ohej!<br>O sa mir\u00eb ve\u00e7 me th\u00ebn\u00eb ohej!<br>O sa mir\u00eb ohej, ohej!<br><br>S\u2019ka shanc m\u00eb.<br>S\u2019ka m\u00eb tani, mbaroi.<br>As raste me s\u2019ka m\u00eb gj\u00eb, vet\u00ebm Ohej ka ama!<br><br>Oh sa mir\u00eb me qen\u00eb ohej, ohej!<br>Oh sa mir\u00eb ohej, ohej!<br>O ohej ohej ohej ohej ohej ohej . . .<\/h4>\n\n\n\n<h6 class=\"wp-block-heading has-text-align-left\"><br><br><strong>30.03.2026<br>\u00a9 Idlir Azizaj<\/strong><\/h6>\n\n\n\n<h6 class=\"wp-block-heading has-text-align-left\"><a href=\"https:\/\/logbook.al\/?page_id=1354\"><mark style=\"background-color:rgba(0, 0, 0, 0)\" class=\"has-inline-color has-luminous-vivid-amber-color\">>>Kritik\u00eb p\u00ebr k\u00ebt\u00eb minidram\u00eb<br>\u00a0Vilson Hoti: <em>Arena futbollistike: mikrokozmos i Qenies<\/em><\/mark><\/a><\/h6>\n","protected":false},"excerpt":{"rendered":"<p>Idlir Azizaj Ontologia futbollistica p\u00ebr Elfriede Jelinek Vetat:&#8211; Njeri&#8211; Dyri&#8211; Treri . . . Vendi: brenda nj\u00eb topi futbolliKoha e aksionit: 500 mij\u00eb eurodekika Gol ishte?Jo, rast.Shtyll\u00eb qe.U duk sikur &#8230;<\/p>\n","protected":false},"author":1,"featured_media":0,"parent":0,"menu_order":0,"comment_status":"closed","ping_status":"closed","template":"","meta":{"footnotes":""},"class_list":["post-1283","page","type-page","status-publish","hentry"],"_links":{"self":[{"href":"https:\/\/logbook.al\/index.php?rest_route=\/wp\/v2\/pages\/1283","targetHints":{"allow":["GET"]}}],"collection":[{"href":"https:\/\/logbook.al\/index.php?rest_route=\/wp\/v2\/pages"}],"about":[{"href":"https:\/\/logbook.al\/index.php?rest_route=\/wp\/v2\/types\/page"}],"author":[{"embeddable":true,"href":"https:\/\/logbook.al\/index.php?rest_route=\/wp\/v2\/users\/1"}],"replies":[{"embeddable":true,"href":"https:\/\/logbook.al\/index.php?rest_route=%2Fwp%2Fv2%2Fcomments&post=1283"}],"version-history":[{"count":26,"href":"https:\/\/logbook.al\/index.php?rest_route=\/wp\/v2\/pages\/1283\/revisions"}],"predecessor-version":[{"id":1372,"href":"https:\/\/logbook.al\/index.php?rest_route=\/wp\/v2\/pages\/1283\/revisions\/1372"}],"wp:attachment":[{"href":"https:\/\/logbook.al\/index.php?rest_route=%2Fwp%2Fv2%2Fmedia&parent=1283"}],"curies":[{"name":"wp","href":"https:\/\/api.w.org\/{rel}","templated":true}]}}