{"id":1376,"date":"2026-04-11T14:43:53","date_gmt":"2026-04-11T14:43:53","guid":{"rendered":"https:\/\/logbook.al\/?page_id=1376"},"modified":"2026-04-13T23:13:03","modified_gmt":"2026-04-13T23:13:03","slug":"idlir-azizaj-imanenca-srca-srca","status":"publish","type":"page","link":"https:\/\/logbook.al\/?page_id=1376","title":{"rendered":"Idlir Azizaj: Imanenca srca srca"},"content":{"rendered":"\n<h5 class=\"wp-block-heading\"><mark style=\"background-color:rgba(0, 0, 0, 0)\" class=\"has-inline-color has-cyan-bluish-gray-color\">Idlir Azizaj<\/mark><\/h5>\n\n\n\n<h4 class=\"wp-block-heading\"><strong>IMANENCA SRCA SRCA<\/strong><br><em>(P\u00ebr Safet Muratin)<\/em><br><br><strong>Vetat:<\/strong><br>Der\u00ebziu<br>Der\u00ebbardhi<br><br><em>Vendi i aksionit: hap\u00ebsira mes dy zemrave<br>Koha e aksionit: momenti sa hap syt\u00eb<\/em><\/h4>\n\n\n\n<figure class=\"wp-block-image size-full\"><img loading=\"lazy\" decoding=\"async\" width=\"783\" height=\"908\" src=\"https:\/\/logbook.al\/wp-content\/uploads\/2026\/04\/Bosch-Garden.png\" alt=\"\" class=\"wp-image-1378\" srcset=\"https:\/\/logbook.al\/wp-content\/uploads\/2026\/04\/Bosch-Garden.png 783w, https:\/\/logbook.al\/wp-content\/uploads\/2026\/04\/Bosch-Garden-259x300.png 259w, https:\/\/logbook.al\/wp-content\/uploads\/2026\/04\/Bosch-Garden-768x891.png 768w\" sizes=\"auto, (max-width: 783px) 100vw, 783px\" \/><\/figure>\n\n\n\n<h4 class=\"wp-block-heading\"><br>Foli nj\u00eb \u00e7ik\u00eb atij se m\u00eb ra goja, e s\u2019m\u00eb d\u00ebgjon fare!<br>Aha, prandaj pash\u00eb nj\u00eb goj\u00eb un\u00eb te oborri, jotja paska qen\u00eb ajo?<br>Nuk kam \u00e7a t\u2019i b\u00ebj, ma plasi buz\u00ebn.<br>Dhe e d\u00ebgjova un\u00eb nj\u00eb k\u00ebrcitje, po s\u2019e mendova se ishe ti.<br>Ma nxiu jet\u00ebn!<br>Hem, po e zeza teorikisht s\u2019\u00ebsht\u00eb as ngjyr\u00eb!<br>Jo, po me teorira se si e kish fituar lirin\u00eb.<br>Varet \u00e7a ka th\u00ebn\u00eb.<br>Ehu, m\u00eb \u00e7au vesh\u00ebt.<br>Epo andej, nga ajo e \u00e7ar\u00eb hyra un\u00eb. As m\u00eb shkonte mendja se do futesha drejt e brenda teje!<br>E k\u00ebmb\u00ebngulte shum\u00eb, m\u2019i ngriti nervat.<br>Duhet t\u2019i ket\u00eb krah\u00ebt me muskuj, aq t\u00eb r\u00ebnda sa i ke. Hajt, se loj\u00eb \u00ebsht\u00eb kjo.<br>Nuk po e duroja dot, ma hoqi zarin!<br>E s\u2019kemi si luajm\u00eb tav\u00ebll tashi, pa zare. E \u00e7far\u00eb lirie \u00ebsht\u00eb kjo?<br>S\u2019e kuptoj at\u00eb lloj njeriu. Pash Zotin\u2026<br>E pe zotin dhe s\u2019e kuptove fare, eh?<br>P\u00ebr nder ma hoqi mendjen.<br>Po pra, e shoh k\u00ebt\u00eb aneksin bosh ktu te koka jote mbrapa.<br>Se s\u2019di dhe ku e ka hallin!<br>Makin\u00ebn ja pash\u00eb para sht\u00ebpis\u00eb, p\u00ebr t\u00eb tjerat s\u2019e di \u2026<br>Ma nxiu v\u00ebrtet\u00eb.<br>V\u00ebrtet, aq terr ktu brenda teje, sa i hedh k\u00ebmb\u00ebt kuturu.<br>Sido t\u00eb jet\u00eb, mos i hidh jasht\u00eb se s\u2019i gjen m\u00eb.<br>K\u00eb?<br>Ato mb\u00ebt, k\u00eb?<br>Mb\u00ebt?<br>Po, mb\u00ebt, mb\u00ebt, me k\u00eb para!<br>Je n\u00eb vete ?<br>Ti je n\u00eb mua. Vet\u00eb the q\u00ebpar\u00eb, hyre nga e \u00e7ara. Nj\u00eb lloj lirie \u00ebsht\u00eb edhe kjo.<br>Varet.<br>Pavar\u00ebsisht se varet\u2026<br>Po s\u2019mund t\u00eb varet po qe e pavarur\u2026<br>Uf. M\u00eb gjeti belaja m\u00eb kt\u00eb mua!<br>Cila Bela?<br>Bela-ja! Ja! Ja!<br>Ku, ja?<br>Pas Bel\u00ebs, ku tjet\u00ebr!<br>Po pse pas?<br>Ua! Po si\u00e7 \u00ebsht\u00eb ja te shkja !<br>S\u2019ka gj\u00eb ja aty. \u00cbsht\u00eb shka!<br>Or ti, m\u00eb bombardove fare!<br>Dhe kush flet! Ti q\u00eb dep\u00ebrtove brenda meje!<br>D\u00ebgjova q\u00eb t\u00eb plasi shpirti, erdha t\u00eb shihja se \u00e7a b\u00ebhej.<br>Thash\u00eb ma plasi buz\u00ebn, jo shpirtin, Nuk e sheh dot dallimin ti?<br>Nuk e dalloj dot nga ktu brenda teje.<br>Aha, s\u2019t\u00eb vjen mir\u00eb! E ndjej q\u00eb u skuqe, pa\u00e7ka se rri kokrra e moll\u00ebs brenda meje.<br>E kuqe molle, zem\u00ebr. Kjo e b\u00ebn diferenc\u00ebn.<br>Midis kujt?<br>Midis zemrave, daj\u00eb!<br>Po kur jan\u00eb t\u00eb bardha, si kto tonat?<br>Oh me ty duhet t\u2019i thuash derrit daj\u00eb!<br>Ik se ma k\u00ebpute telin e zemr\u00ebs tash!<br>Si t\u00eb iki kur jam brenda teje?<br>Kjo \u00ebsht\u00eb liria, zem\u00ebr!<br>Jo, kjo \u00ebsht\u00eb ve\u00e7 brendia jote! Pse, p\u00ebr kaq luftova vall\u00eb?<br>Sa i pavarur je, aq luft\u00eb ke b\u00ebr\u00eb. S\u2019u b\u00ebre nj\u00ebher\u00eb njeri, vlla!<br>As ktu brenda teje, vlla, q\u00eb \u00ebsht\u00eb si me qen\u00eb diqysh te un\u00eb vet\u00eb!<br>Ca m\u00eb pak aty, mesa duket \u2026<br>Po aty duhet t\u00eb ishte demek dhe ajo, diferenca , dallimi dhe ndryshimi\u2026<br>Po ti kujtove se boll qe je aty dhe \u2026<br>Ah, \u00e7\u2019m\u00eb \u00e7ave kok\u00ebn tashti!<br>Aha, prandaj po ndjej nj\u00eb rrym\u00eb ajri un\u00eb, nj\u00eb si tunel t\u00eb vog\u00ebl?<br>Varet nga \u00e7a ndjen pa e par\u00eb\u2026<br>Ku?<br>Si ku?<br>Ku varet?<br>Jo, jo, nga sa i pavarur je.<br>Varet nga pavar\u00ebsia?<br>Thjesht pa \u00ebsht\u00eb para, var\u00ebsia mbrapa.<br>S`ka si t\u2019jet\u00eb ndryshe.<br>Pah, \u00e7a lirie \u00ebsht\u00eb kjo?<br>Ajo aty!<br>Po ktu s\u2019ka , ve\u00e7 brendia jote \u00ebsht\u00eb.<br>Ose, ose dhe Edhe jasht\u00ebsia jote. Ja ndryshimi.<br>Cili ndryshim!<br>P.sh. midis shkak edhe shka!<br>He, t\u00eb kuptoj po s\u2019t\u00eb marr vesh.<br>Marr\u00ebveshje \u00ebsht\u00eb kjo pun\u00eb, mes moskuptimit e keqkuptimit.<br>Moskeqkuptim?<br>Ehh\u2026<br>Pamoskuptim?<br>Ehu, ti s\u2019je n\u00eb vete!<br>As ti jasht\u00eb vetes!<br>Po ja de dallimi!<br>Dale!<br>Si, si?<br>Dale ta shoh! Se s\u2019sheh dot kollaj brenda teje!<br>Oho, dale, dale!<br>Dale dale, \u00e7a dale?<br>Po k\u00ebshtu s\u2019ka dallim! P\u00ebr \u00e7a lufuam ne?<br>Shko mor, shka!<br>Shka jo, ishalla, shkak!<br>Shkau shkaku \u2026<br>Edhe dallimi?<br>Da-llimi!<br>Po, bash ai!<br>\u00cbsht\u00eb si duket aty ku s\u2019\u00ebsht\u00eb ai?<br>Kush? Cili?<br>Ai, de, \u00abdallimi\u00a0\u00bb, d, a, ll, i, m, i.<br>Aha! Ato, at\u00ebher\u00eb, jo ai, as ajo!<br>Ah, \u00e7\u2019ma theve zemr\u00ebn!<br>G\u00ebnjen. Nuk po shoh kund k\u00ebtij brenda as z, as e, as m, as \u00eb, as r!<br>S\u2019ka mund\u00ebsi!<br>Ka, po. Kjo \u00ebsht\u00eb liria.<br>Jo, s\u2019\u00ebsht\u00eb, ve\u00e7 ti je brenda meje.<br>Na l\u00ebr t\u00eb \u00ebnd\u00ebrrojm\u00eb, or ti!<br>Ok, po jo brenda meje.<br>Ashtu t\u00eb duket ty nga jasht\u00eb.<br>Po dallimi at\u00ebher\u00eb? P\u00ebr \u00e7a dreqin luftuam?<br>At\u00ebher\u00eb pa dallim pra luftuam!?<br>Dometh\u00ebn\u00eb vet\u00ebm luftuam?<br>Vet\u00ebm?<br>Boll se m\u00eb iku truri tani!<br>Fluturoi thuaj.<br>Bash si flutur\u2026<br>Dhe s\u2019munde t\u2019i marr\u00ebsh m\u00eb er\u00eb\u2026<br>M\u00eb ran\u00eb k\u00ebmb\u00ebt duke e k\u00ebrkuar.<br>Aha, te ato do jem penguar un\u00eb pra \u2026<br><br>Fund<br><br><mark style=\"background-color:rgba(0, 0, 0, 0)\" class=\"has-inline-color has-cyan-bluish-gray-color\">11.4.2026<br>\u00a9 Idlir Azizaj <\/mark><br><\/h4>\n\n\n\n<h5 class=\"wp-block-heading\"><a href=\"https:\/\/logbook.al\/?page_id=1394\"><mark style=\"background-color:rgba(0, 0, 0, 0)\" class=\"has-inline-color has-luminous-vivid-amber-color\"><strong>>>Kritik\u00eb p\u00ebr k\u00ebt\u00eb minidram\u00eb<br>Vilson Hoti: IMANENCA E PASUBJEKTSHME<\/strong><\/mark><\/a><\/h5>\n","protected":false},"excerpt":{"rendered":"<p>Idlir Azizaj IMANENCA SRCA SRCA(P\u00ebr Safet Muratin) Vetat:Der\u00ebziuDer\u00ebbardhi Vendi i aksionit: hap\u00ebsira mes dy zemraveKoha e aksionit: momenti sa hap syt\u00eb Foli nj\u00eb \u00e7ik\u00eb atij se m\u00eb ra goja, e &#8230;<\/p>\n","protected":false},"author":1,"featured_media":0,"parent":0,"menu_order":0,"comment_status":"closed","ping_status":"closed","template":"","meta":{"footnotes":""},"class_list":["post-1376","page","type-page","status-publish","hentry"],"_links":{"self":[{"href":"https:\/\/logbook.al\/index.php?rest_route=\/wp\/v2\/pages\/1376","targetHints":{"allow":["GET"]}}],"collection":[{"href":"https:\/\/logbook.al\/index.php?rest_route=\/wp\/v2\/pages"}],"about":[{"href":"https:\/\/logbook.al\/index.php?rest_route=\/wp\/v2\/types\/page"}],"author":[{"embeddable":true,"href":"https:\/\/logbook.al\/index.php?rest_route=\/wp\/v2\/users\/1"}],"replies":[{"embeddable":true,"href":"https:\/\/logbook.al\/index.php?rest_route=%2Fwp%2Fv2%2Fcomments&post=1376"}],"version-history":[{"count":8,"href":"https:\/\/logbook.al\/index.php?rest_route=\/wp\/v2\/pages\/1376\/revisions"}],"predecessor-version":[{"id":1406,"href":"https:\/\/logbook.al\/index.php?rest_route=\/wp\/v2\/pages\/1376\/revisions\/1406"}],"wp:attachment":[{"href":"https:\/\/logbook.al\/index.php?rest_route=%2Fwp%2Fv2%2Fmedia&parent=1376"}],"curies":[{"name":"wp","href":"https:\/\/api.w.org\/{rel}","templated":true}]}}